{"id":137,"date":"2024-01-19T12:50:59","date_gmt":"2024-01-19T11:50:59","guid":{"rendered":"https:\/\/luz-de-amor.com\/?page_id=137"},"modified":"2024-09-13T14:12:12","modified_gmt":"2024-09-13T12:12:12","slug":"tarifs","status":"publish","type":"page","link":"https:\/\/luz-de-amor.com\/index.php\/tarifs\/","title":{"rendered":"Tarifs"},"content":{"rendered":"\n<div class=\"wp-block-columns is-layout-flex wp-container-core-columns-is-layout-28f84493 wp-block-columns-is-layout-flex\">\n<div class=\"wp-block-column is-layout-flow wp-block-column-is-layout-flow\" style=\"padding-right:22%;padding-left:22%\">\n<div class=\"wp-block-group has-global-padding is-layout-constrained wp-container-core-group-is-layout-7db9d80f wp-block-group-is-layout-constrained\" style=\"min-height:0px;padding-right:0;padding-left:0\">\n<p class=\"has-text-align-left\" style=\"margin-right:0;margin-left:0;padding-right:0;padding-left:0\">Dr. Amor est le side-projet de Luz. Pour payer ces factures et son loyer, Luz fait appel \u00e0 des travails alimentaires qui prennent plus de temps et d&#8217;investissement. Ceci veut dire que iel n\u2019en d\u00e9pend pas de ce projet pour maintenir sa vie et qu&#8217;elle as besoin de garder une certaine \u00e9cologie d&#8217;\u00e9nergie pour le pratiquer. <br><br>Ce projet lui sert \u00e0 avancer dans sa vocation pour le soin et \u00e0 d\u00e9velopper des comp\u00e9tences et des sensibilit\u00e9s autres que celle qu&#8217;iel cr\u00e9e dans son travail alimentaire qui ne comporte pas cette dimension tactile et intime. <br><br>Prendre soin de vous me permet de prendre soin des miens.<\/p>\n\n\n\n<details class=\"wp-block-details is-layout-flow wp-block-details-is-layout-flow\"><summary>Le tarif soutien <\/summary>\n<p>80 euros pour Massage Th\u00e9rapeutique et Cranio-Th\u00e9rapie.<br>60 euros pour HD, KP et Astro, Massage simple.<br>30 euros pour Lectures de Cartes<\/p>\n<\/details>\n\n\n\n<details class=\"wp-block-details is-layout-flow wp-block-details-is-layout-flow\"><summary>Le tarif bienveillance<\/summary>\n<p>30-50 euros pour Massage Th\u00e9rapeutique et Cranio-Th\u00e9rapie.<br>30-50 euros pour HD, KP et Astro Massage simple.<br>5-20 euros pour Lectures de Cartes<\/p>\n<\/details>\n\n\n\n<details class=\"wp-block-details is-layout-flow wp-block-details-is-layout-flow\"><summary>Le tarif solidaire<\/summary>\n<p>30 euros pour Massage Th\u00e9rapeutique et Cranio-Th\u00e9rapie.<br>30 euros pour HD, KP et Astro Massage simple.<br>10 euros pour Lectures de Cartes<\/p>\n<\/details>\n\n\n\n<p>Ateliers d\u2019\u00e9criture en trocs ou prix libre.<\/p>\n\n\n\n<div style=\"height:150px\" aria-hidden=\"true\" class=\"wp-block-spacer\"><\/div>\n<\/div>\n<\/div>\n<\/div>\n","protected":false},"excerpt":{"rendered":"<p>Dr. Amor est le side-projet de Luz. Pour payer ces factures et son loyer, Luz fait appel \u00e0 des travails alimentaires qui prennent plus de temps et d&#8217;investissement. Ceci veut dire que iel n\u2019en d\u00e9pend pas de ce projet pour maintenir sa vie et qu&#8217;elle as besoin de garder une certaine \u00e9cologie d&#8217;\u00e9nergie pour le [&hellip;]<\/p>\n","protected":false},"author":1,"featured_media":0,"parent":0,"menu_order":0,"comment_status":"closed","ping_status":"closed","template":"","meta":{"footnotes":""},"class_list":["post-137","page","type-page","status-publish","hentry"],"_links":{"self":[{"href":"https:\/\/luz-de-amor.com\/index.php\/wp-json\/wp\/v2\/pages\/137","targetHints":{"allow":["GET"]}}],"collection":[{"href":"https:\/\/luz-de-amor.com\/index.php\/wp-json\/wp\/v2\/pages"}],"about":[{"href":"https:\/\/luz-de-amor.com\/index.php\/wp-json\/wp\/v2\/types\/page"}],"author":[{"embeddable":true,"href":"https:\/\/luz-de-amor.com\/index.php\/wp-json\/wp\/v2\/users\/1"}],"replies":[{"embeddable":true,"href":"https:\/\/luz-de-amor.com\/index.php\/wp-json\/wp\/v2\/comments?post=137"}],"version-history":[{"count":25,"href":"https:\/\/luz-de-amor.com\/index.php\/wp-json\/wp\/v2\/pages\/137\/revisions"}],"predecessor-version":[{"id":703,"href":"https:\/\/luz-de-amor.com\/index.php\/wp-json\/wp\/v2\/pages\/137\/revisions\/703"}],"wp:attachment":[{"href":"https:\/\/luz-de-amor.com\/index.php\/wp-json\/wp\/v2\/media?parent=137"}],"curies":[{"name":"wp","href":"https:\/\/api.w.org\/{rel}","templated":true}]}}