{"id":610,"date":"2024-07-23T21:36:17","date_gmt":"2024-07-23T19:36:17","guid":{"rendered":"https:\/\/luz-de-amor.com\/?page_id=610"},"modified":"2024-09-17T16:54:12","modified_gmt":"2024-09-17T14:54:12","slug":"soin","status":"publish","type":"page","link":"https:\/\/luz-de-amor.com\/index.php\/soin\/","title":{"rendered":"Paenser le soin"},"content":{"rendered":"\n<div class=\"wp-block-columns is-layout-flex wp-container-core-columns-is-layout-28f84493 wp-block-columns-is-layout-flex\">\n<div class=\"wp-block-column is-layout-flow wp-block-column-is-layout-flow\" style=\"flex-basis:33%\"><\/div>\n\n\n\n<div class=\"wp-block-column is-layout-flow wp-block-column-is-layout-flow\">\n<h4 class=\"wp-block-heading has-text-align-left\">Paenser le soin<\/h4>\n<\/div>\n<\/div>\n\n\n\n<div style=\"margin-top:0;margin-bottom:0;height:1em\" aria-hidden=\"true\" class=\"wp-block-spacer\"><\/div>\n\n\n\n<div class=\"wp-block-columns is-layout-flex wp-container-core-columns-is-layout-658170e2 wp-block-columns-is-layout-flex\">\n<div class=\"wp-block-column is-layout-flow wp-block-column-is-layout-flow\" style=\"flex-basis:33.33%\">\n<figure class=\"wp-block-image size-full wp-duotone-8f52c400-ffffff-1\"><img loading=\"lazy\" decoding=\"async\" width=\"564\" height=\"2004\" src=\"https:\/\/luz-de-amor.com\/wp-content\/uploads\/2024\/09\/soin.png\" alt=\"\" class=\"wp-image-1056\" style=\"object-fit:cover\" srcset=\"https:\/\/luz-de-amor.com\/wp-content\/uploads\/2024\/09\/soin.png 564w, https:\/\/luz-de-amor.com\/wp-content\/uploads\/2024\/09\/soin-288x1024.png 288w, https:\/\/luz-de-amor.com\/wp-content\/uploads\/2024\/09\/soin-432x1536.png 432w\" sizes=\"auto, (max-width: 564px) 100vw, 564px\" \/><\/figure>\n<\/div>\n\n\n\n<div class=\"wp-block-column is-vertically-aligned-top is-layout-flow wp-block-column-is-layout-flow\" style=\"flex-basis:66.66%\">\n<div class=\"wp-block-group has-global-padding is-layout-constrained wp-block-group-is-layout-constrained\">\n<div class=\"wp-block-group has-global-padding is-layout-constrained wp-block-group-is-layout-constrained\">\n<p>Notre mati\u00e8re est un amas de peau, de chair, d&#8217;os, de muscles, de liquides, d\u2019\u00e9lectricit\u00e9, de syst\u00e8mes, de circuits, de mouvements, d\u2019\u00e9nergies, de pens\u00e9es et d\u2019autres \u00e9l\u00e9ments qui doivent, pour son bon fonctionnement, \u00eatre g\u00e9r\u00e9s ensemble pour le devenir de notre propre corps. Ici, la mati\u00e8re est \u00ab ce possible \u00bb concept psychologique, scientifique, mutable, et le corps est ce qu\u2019il est et ce avec quoi on le fait, en tant que repr\u00e9sentation de cette mati\u00e8re, son attribut physique, corporel, psychique (social, politique, id\u00e9ologique, po\u00e9tique, p\u00e9dagogique, culturel, \u00e9conomique, ethnologique\u2026).<\/p>\n\n\n\n<p>Notre corps, aussi unique et individuel\u00b7le que nous puissions \u00eatre, est ce qui le pr\u00e9c\u00e8de : tout ce que nous avons \u00e9t\u00e9 avant de na\u00eetre, ce que nous lui faisons et ce que nous devenons. Tout ce que nous mangeons, pensons, regardons, habitons, parlons, faisons, cr\u00e9ons, construisons, aimons, nous affecte, quoi qu\u2019il en soit. Nous faisons partie d\u2019un tout, et c\u2019est cette relation avec ce tout qui nous compose et nous d\u00e9compose. Nous sommes le \u00ab\u202fnous\u202f\u00bb dans le \u00ab\u202fnous\u202f\u00bb et le \u00ab\u202fnous\u202f\u00bb de nous-m\u00eames. Nous sommes un monde de corps interactifs et affectifs, un monde dans un corps et un corps dans un monde dialectique.<\/p>\n\n\n\n<p>Prendre soin, c\u2019est entrer en dialogue avec notre corps comme nous entrons en dialogue avec l\u2019univers, afin de r\u00e9v\u00e9ler les imbrications de certaines r\u00e9alit\u00e9s sociales, politiques, socio-\u00e9conomiques, id\u00e9ologiques, groupales, psychologiques, structurelles, et tous ces autres facteurs qui anesth\u00e9sient et conditionnent ce dialogue.<\/p>\n\n\n\n<p>C&#8217;est apprendre \u00e0 se lib\u00e9rer des discours et \u00e0 en r\u00e9tablir un avec soi-m\u00eame. Notre corps est un contenant, non seulement de mati\u00e8re, mais de tout ce qui nous remplit. C&#8217;est avec cela que nous avan\u00e7ons dans notre journ\u00e9e. Ce qu&#8217;on nous a appris, ce qu&#8217;on a vu, ce qu&#8217;on essaye, ce qu&#8217;on imagine, ce qu&#8217;on r\u00e9fl\u00e9chit, ce qu&#8217;on ambitionne, ce qu&#8217;on fait. Prendre soin, c&#8217;est penser \u00e0 notre \u00e9tat d&#8217;\u00e2me, du plus intime au plus public, du plus tortur\u00e9 au plus apais\u00e9, du plus d\u00e9r\u00e9gul\u00e9 au plus calme, et agir pour\/avec ce spectre afin de trouver un mi-lieu dans lequel exister le plus longtemps possible. C&#8217;est s&#8217;arr\u00eater pour sentir et apprendre \u00e0 ressentir chaque jour, comprendre pourquoi on ressent ce que l&#8217;on ressent et ce qui fait que l&#8217;on ressent ainsi. C&#8217;est se d\u00e9coloniser, se lib\u00e9rer, s&#8217;\u00e9manciper, se d\u00e9construire, prendre conscience de ce qui nous a fa\u00e7onn\u00e9\u00b7e\u00b7s, et apprendre qui nous sommes parmi ce tout.<\/p>\n\n\n\n<p>Qui sommes-nous ? Comment sommes-nous ? Comment est notre corps ? Comment avoir une relation avec notre corps ? Qui suis-je ? Comment suis-je ? Comment est mon corps ? Comment me sens-je ?<\/p>\n\n\n\n<p>Prendre soin, c&#8217;est commencer \u00e0 se poser des questions, m\u00eame si elles n&#8217;ont pas de r\u00e9ponse. C&#8217;est un acte r\u00e9flexif et discursif qui commence par soi et ne finit jamais d&#8217;\u00eatre, et n&#8217;a pas forc\u00e9ment d&#8217;objectif, si ce n&#8217;est de se lib\u00e9rer et de se poursuivre, celui de cr\u00e9er son histoire.<\/p>\n\n\n\n<p>Les \u00ab\u202fpourquoi\u202f\u00bb de sa raison d&#8217;\u00eatre, les conditions de son \u00e9tat, le \u00ab\u202fcomment\u202f\u00bb de notre construction, les circonstances de notre devenir, le \u00ab\u202fo\u00f9\u202f\u00bb et le \u00ab\u202fpourquoi\u202f\u00bb de notre cheminement, et tout ce qui en d\u00e9coule. Toutes ces questions qui nous font entrer dans la mati\u00e8re lorsque nous entrons en relation avec ce corps et ce qu&#8217;il est. Prendre soin, c&#8217;est entrer en dialogue avec la mati\u00e8re \u00e0 travers le corps et son environnement, et apprendre \u00e0 se r\u00e9apprendre. Prendre soin, c&#8217;est apprendre \u00e0 se conna\u00eetre.<\/p>\n\n\n\n<p>Le soin est un acte politique et un privil\u00e8ge dans un monde o\u00f9 la survie est l&#8217;\u00e9tat de fait de nos politiques ali\u00e9nantes et anesth\u00e9siantes. Pour certaines personnes, le soin ne signifie pas la m\u00eame chose et n&#8217;implique pas les m\u00eames actions. Le soin peut consister \u00e0 prendre une tasse de th\u00e9, se balader en for\u00eat, acheter quelque chose qu&#8217;on aime bien manger, faire une pause des r\u00e9seaux sociaux, aller taper dans une balle, crier, pleurer, partir en vacances, appeler quelqu&#8217;un avec qui on aime discuter, prendre une pilule, aller boire un verre, lire un livre, travailler, danser, faire la f\u00eate, faire une retraite ou une sieste. Nous, en tant que personnes, n&#8217;avons pas toutes les m\u00eames capacit\u00e9s \u00e9conomiques ni les m\u00eames ressources pour prendre soin de nous. Nous n&#8217;avons pas re\u00e7u les m\u00eames transmissions ni eu le m\u00eame acc\u00e8s au soin. C&#8217;est pourquoi r\u00e9fl\u00e9chir au soin commence par ce que nous sommes, ce que nous avons, et ce que nous consid\u00e9rons comme types de soins autour de nous, au moment o\u00f9 nous commen\u00e7ons \u00e0 penser le soin.<\/p>\n\n\n\n<p>Comment est-ce que je prends soin de moi ? Comment m\u2019a-t-on appris \u00e0 prendre soin de moi ? Des autres ? Qu&#8217;est-ce que le \u00ab soin \u00bb pour moi ?<\/p>\n\n\n\n<p>C&#8217;est depuis nos r\u00e9ponses et nos v\u00e9cus qu&#8217;on construit le Soin.<\/p>\n<\/div>\n<\/div>\n\n\n\n<div style=\"margin-top:0;margin-bottom:0;height:200px\" aria-hidden=\"true\" class=\"wp-block-spacer\"><\/div>\n<\/div>\n<\/div>\n","protected":false},"excerpt":{"rendered":"<p>Paenser le soin Notre mati\u00e8re est un amas de peau, de chair, d&#8217;os, de muscles, de liquides, d\u2019\u00e9lectricit\u00e9, de syst\u00e8mes, de circuits, de mouvements, d\u2019\u00e9nergies, de pens\u00e9es et d\u2019autres \u00e9l\u00e9ments qui doivent, pour son bon fonctionnement, \u00eatre g\u00e9r\u00e9s ensemble pour le devenir de notre propre corps. Ici, la mati\u00e8re est \u00ab ce possible \u00bb concept [&hellip;]<\/p>\n","protected":false},"author":1,"featured_media":614,"parent":0,"menu_order":0,"comment_status":"closed","ping_status":"closed","template":"","meta":{"footnotes":""},"class_list":["post-610","page","type-page","status-publish","has-post-thumbnail","hentry"],"_links":{"self":[{"href":"https:\/\/luz-de-amor.com\/index.php\/wp-json\/wp\/v2\/pages\/610","targetHints":{"allow":["GET"]}}],"collection":[{"href":"https:\/\/luz-de-amor.com\/index.php\/wp-json\/wp\/v2\/pages"}],"about":[{"href":"https:\/\/luz-de-amor.com\/index.php\/wp-json\/wp\/v2\/types\/page"}],"author":[{"embeddable":true,"href":"https:\/\/luz-de-amor.com\/index.php\/wp-json\/wp\/v2\/users\/1"}],"replies":[{"embeddable":true,"href":"https:\/\/luz-de-amor.com\/index.php\/wp-json\/wp\/v2\/comments?post=610"}],"version-history":[{"count":61,"href":"https:\/\/luz-de-amor.com\/index.php\/wp-json\/wp\/v2\/pages\/610\/revisions"}],"predecessor-version":[{"id":1064,"href":"https:\/\/luz-de-amor.com\/index.php\/wp-json\/wp\/v2\/pages\/610\/revisions\/1064"}],"wp:featuredmedia":[{"embeddable":true,"href":"https:\/\/luz-de-amor.com\/index.php\/wp-json\/wp\/v2\/media\/614"}],"wp:attachment":[{"href":"https:\/\/luz-de-amor.com\/index.php\/wp-json\/wp\/v2\/media?parent=610"}],"curies":[{"name":"wp","href":"https:\/\/api.w.org\/{rel}","templated":true}]}}