{"id":74,"date":"2024-01-15T17:07:28","date_gmt":"2024-01-15T16:07:28","guid":{"rendered":"https:\/\/luz-de-amor.com\/?page_id=74"},"modified":"2024-09-17T10:42:19","modified_gmt":"2024-09-17T08:42:19","slug":"writing","status":"publish","type":"page","link":"https:\/\/luz-de-amor.com\/index.php\/writing\/","title":{"rendered":"Ecriture"},"content":{"rendered":"\n<div style=\"height:100px\" aria-hidden=\"true\" class=\"wp-block-spacer\"><\/div>\n\n\n\n<div class=\"wp-block-columns is-layout-flex wp-container-core-columns-is-layout-28f84493 wp-block-columns-is-layout-flex\">\n<div class=\"wp-block-column is-layout-flow wp-block-column-is-layout-flow\" style=\"flex-basis:33.33%\">\n<figure class=\"wp-block-image size-full wp-duotone-ffffff-ffffff00-1\"><img loading=\"lazy\" decoding=\"async\" width=\"348\" height=\"600\" src=\"https:\/\/luz-de-amor.com\/wp-content\/uploads\/2024\/09\/Corpuscule-de-Pacini.png\" alt=\"\" class=\"wp-image-938\" srcset=\"https:\/\/luz-de-amor.com\/wp-content\/uploads\/2024\/09\/Corpuscule-de-Pacini.png 348w, https:\/\/luz-de-amor.com\/wp-content\/uploads\/2024\/09\/Corpuscule-de-Pacini-174x300.png 174w\" sizes=\"auto, (max-width: 348px) 100vw, 348px\" \/><\/figure>\n<\/div>\n\n\n\n<div class=\"wp-block-column is-layout-flow wp-block-column-is-layout-flow\" style=\"flex-basis:66.66%\">\n<p class=\"has-text-align-left\" style=\"margin-right:var(--wp--preset--spacing--30);margin-left:var(--wp--preset--spacing--30)\">La pratique de l&#8217;\u00e9criture est d&#8217;une puissance sans nom, n\u00e9anmoins l&#8217;\u00e9criture est ce qui rends les choses permanentes, immuables et fixes. \u00c9cris sur fer, \u00e9cris de sang, \u00e9cris dans l&#8217;eau et dans le vent. Ici, l&#8217;\u00e9criture est vue comme quelque chose qui nous permet de nous r\u00e9fl\u00e9chir, de nous transformer, de muter. \u00c0 mon sens, l&#8217;\u00e9criture ne sert pas d\u00e9finir, rigidifi\u00e9 ou se fixer mais \u00e0 naviguer, \u00e0 explorer, \u00e0 rendre archive, devenir l&#8217;histoire qui nous raconte. <br><br>Tout genre confondue, que ce soit po\u00e9sie, slam, script, manifeste, chanson, discours, ou de registre fantastique, \u00e9pique, comique, tragique, satyrique ou de modalit\u00e9s automatique, concr\u00e8te, as\u00e9mique, multilangue ou de mouvements d&#8217;auto-fiction, surr\u00e9alisme, r\u00e9alisme, documentaire, science-fiction, r\u00e9alisme magique. L&#8217;\u00e9criture peut \u00eatre infinie et d\u00e9passer le temps. Elle nous permet de nous regarder autrement, de rentrer en dialogue avec notre \u00eatre, de nous rendre dans l&#8217;infinitude. <br><br>La pratique qu&#8217;on fait en session peut prendre diff\u00e9rentes formes. Elle peut \u00eatre \u00e9crite ou sensorielle. On peut \u00e9crire les mains sur une feuille ou les mains sur le corps. Apprendre des nouveaux gestes ou reformuler des pens\u00e9es.<\/p>\n<\/div>\n<\/div>\n\n\n\n<div style=\"height:100px\" aria-hidden=\"true\" class=\"wp-block-spacer\"><\/div>\n","protected":false},"excerpt":{"rendered":"<p>La pratique de l&#8217;\u00e9criture est d&#8217;une puissance sans nom, n\u00e9anmoins l&#8217;\u00e9criture est ce qui rends les choses permanentes, immuables et fixes. \u00c9cris sur fer, \u00e9cris de sang, \u00e9cris dans l&#8217;eau et dans le vent. Ici, l&#8217;\u00e9criture est vue comme quelque chose qui nous permet de nous r\u00e9fl\u00e9chir, de nous transformer, de muter. \u00c0 mon sens, [&hellip;]<\/p>\n","protected":false},"author":1,"featured_media":0,"parent":0,"menu_order":0,"comment_status":"closed","ping_status":"closed","template":"","meta":{"footnotes":""},"class_list":["post-74","page","type-page","status-publish","hentry"],"_links":{"self":[{"href":"https:\/\/luz-de-amor.com\/index.php\/wp-json\/wp\/v2\/pages\/74","targetHints":{"allow":["GET"]}}],"collection":[{"href":"https:\/\/luz-de-amor.com\/index.php\/wp-json\/wp\/v2\/pages"}],"about":[{"href":"https:\/\/luz-de-amor.com\/index.php\/wp-json\/wp\/v2\/types\/page"}],"author":[{"embeddable":true,"href":"https:\/\/luz-de-amor.com\/index.php\/wp-json\/wp\/v2\/users\/1"}],"replies":[{"embeddable":true,"href":"https:\/\/luz-de-amor.com\/index.php\/wp-json\/wp\/v2\/comments?post=74"}],"version-history":[{"count":156,"href":"https:\/\/luz-de-amor.com\/index.php\/wp-json\/wp\/v2\/pages\/74\/revisions"}],"predecessor-version":[{"id":944,"href":"https:\/\/luz-de-amor.com\/index.php\/wp-json\/wp\/v2\/pages\/74\/revisions\/944"}],"wp:attachment":[{"href":"https:\/\/luz-de-amor.com\/index.php\/wp-json\/wp\/v2\/media?parent=74"}],"curies":[{"name":"wp","href":"https:\/\/api.w.org\/{rel}","templated":true}]}}